{"id":17,"date":"2017-10-03T12:58:48","date_gmt":"2017-10-03T12:58:48","guid":{"rendered":"http:\/\/www.limingantullinautogrilli.fi\/autogrilli\/?page_id=17"},"modified":"2025-12-08T07:07:43","modified_gmt":"2025-12-08T07:07:43","slug":"menu","status":"publish","type":"page","link":"https:\/\/www.limingantullinautogrilli.fi\/autogrilli\/menu\/","title":{"rendered":"Menu"},"content":{"rendered":"\n<figure class=\"wp-block-image size-large\"><img decoding=\"async\" loading=\"lazy\" width=\"583\" height=\"1024\" src=\"https:\/\/www.limingantullinautogrilli.fi\/autogrilli\/wp-content\/uploads\/2025\/11\/OulunAutogrilli_menu_700mmx1230mm_syksy2025-583x1024.jpg\" alt=\"\" class=\"wp-image-401\" srcset=\"https:\/\/www.limingantullinautogrilli.fi\/autogrilli\/wp-content\/uploads\/2025\/11\/OulunAutogrilli_menu_700mmx1230mm_syksy2025-583x1024.jpg 583w, https:\/\/www.limingantullinautogrilli.fi\/autogrilli\/wp-content\/uploads\/2025\/11\/OulunAutogrilli_menu_700mmx1230mm_syksy2025-171x300.jpg 171w, https:\/\/www.limingantullinautogrilli.fi\/autogrilli\/wp-content\/uploads\/2025\/11\/OulunAutogrilli_menu_700mmx1230mm_syksy2025-768x1350.jpg 768w, https:\/\/www.limingantullinautogrilli.fi\/autogrilli\/wp-content\/uploads\/2025\/11\/OulunAutogrilli_menu_700mmx1230mm_syksy2025-874x1536.jpg 874w, https:\/\/www.limingantullinautogrilli.fi\/autogrilli\/wp-content\/uploads\/2025\/11\/OulunAutogrilli_menu_700mmx1230mm_syksy2025-1165x2048.jpg 1165w, https:\/\/www.limingantullinautogrilli.fi\/autogrilli\/wp-content\/uploads\/2025\/11\/OulunAutogrilli_menu_700mmx1230mm_syksy2025-scaled.jpg 1457w\" sizes=\"(max-width: 583px) 100vw, 583px\" \/><\/figure>\n\n\n\n<figure class=\"wp-block-image size-large\"><img decoding=\"async\" loading=\"lazy\" width=\"583\" height=\"1024\" src=\"http:\/\/www.limingantullinautogrilli.fi\/autogrilli\/wp-content\/uploads\/2025\/12\/ScanBurger-menu_kevat-2026_700x1230mm-583x1024.jpg\" alt=\"\" class=\"wp-image-406\" srcset=\"https:\/\/www.limingantullinautogrilli.fi\/autogrilli\/wp-content\/uploads\/2025\/12\/ScanBurger-menu_kevat-2026_700x1230mm-583x1024.jpg 583w, https:\/\/www.limingantullinautogrilli.fi\/autogrilli\/wp-content\/uploads\/2025\/12\/ScanBurger-menu_kevat-2026_700x1230mm-171x300.jpg 171w, https:\/\/www.limingantullinautogrilli.fi\/autogrilli\/wp-content\/uploads\/2025\/12\/ScanBurger-menu_kevat-2026_700x1230mm-768x1350.jpg 768w, https:\/\/www.limingantullinautogrilli.fi\/autogrilli\/wp-content\/uploads\/2025\/12\/ScanBurger-menu_kevat-2026_700x1230mm-874x1536.jpg 874w, https:\/\/www.limingantullinautogrilli.fi\/autogrilli\/wp-content\/uploads\/2025\/12\/ScanBurger-menu_kevat-2026_700x1230mm-1165x2048.jpg 1165w, https:\/\/www.limingantullinautogrilli.fi\/autogrilli\/wp-content\/uploads\/2025\/12\/ScanBurger-menu_kevat-2026_700x1230mm-scaled.jpg 1457w\" sizes=\"(max-width: 583px) 100vw, 583px\" \/><\/figure>\n\n\n\n<figure class=\"wp-block-image size-large\"><img decoding=\"async\" loading=\"lazy\" width=\"583\" height=\"1024\" src=\"https:\/\/www.limingantullinautogrilli.fi\/autogrilli\/wp-content\/uploads\/2025\/11\/OulunAutogrilli_menu_700mmx1230mm_syksy2025_kuvallinen-583x1024.jpg\" alt=\"\" class=\"wp-image-402\" srcset=\"https:\/\/www.limingantullinautogrilli.fi\/autogrilli\/wp-content\/uploads\/2025\/11\/OulunAutogrilli_menu_700mmx1230mm_syksy2025_kuvallinen-583x1024.jpg 583w, https:\/\/www.limingantullinautogrilli.fi\/autogrilli\/wp-content\/uploads\/2025\/11\/OulunAutogrilli_menu_700mmx1230mm_syksy2025_kuvallinen-171x300.jpg 171w, https:\/\/www.limingantullinautogrilli.fi\/autogrilli\/wp-content\/uploads\/2025\/11\/OulunAutogrilli_menu_700mmx1230mm_syksy2025_kuvallinen-768x1350.jpg 768w, https:\/\/www.limingantullinautogrilli.fi\/autogrilli\/wp-content\/uploads\/2025\/11\/OulunAutogrilli_menu_700mmx1230mm_syksy2025_kuvallinen-874x1536.jpg 874w, https:\/\/www.limingantullinautogrilli.fi\/autogrilli\/wp-content\/uploads\/2025\/11\/OulunAutogrilli_menu_700mmx1230mm_syksy2025_kuvallinen-1165x2048.jpg 1165w, https:\/\/www.limingantullinautogrilli.fi\/autogrilli\/wp-content\/uploads\/2025\/11\/OulunAutogrilli_menu_700mmx1230mm_syksy2025_kuvallinen-scaled.jpg 1457w\" sizes=\"(max-width: 583px) 100vw, 583px\" \/><\/figure>\n","protected":false},"excerpt":{"rendered":"","protected":false},"author":1,"featured_media":302,"parent":0,"menu_order":0,"comment_status":"closed","ping_status":"closed","template":"","meta":{"footnotes":""},"yoast_head":"<!-- This site is optimized with the Yoast SEO plugin v22.6 - https:\/\/yoast.com\/wordpress\/plugins\/seo\/ -->\n<title>Menu - Oulun autogrilli ja ScanBurger<\/title>\n<meta name=\"description\" content=\"Perinteisen oululaisen grillin grillivalikoima, oululaisten suositut grillituotteet l\u00f6yd\u00e4t Oulun autogrillilt\u00e4!\" \/>\n<meta name=\"robots\" content=\"index, follow, max-snippet:-1, max-image-preview:large, max-video-preview:-1\" \/>\n<link rel=\"canonical\" href=\"http:\/\/www.limingantullinautogrilli.fi\/autogrilli\/menu\/\" \/>\n<meta property=\"og:locale\" content=\"fi_FI\" \/>\n<meta property=\"og:type\" content=\"article\" \/>\n<meta property=\"og:title\" content=\"Menu - Oulun autogrilli ja ScanBurger\" \/>\n<meta property=\"og:description\" content=\"Perinteisen oululaisen grillin grillivalikoima, oululaisten suositut grillituotteet l\u00f6yd\u00e4t Oulun autogrillilt\u00e4!\" \/>\n<meta property=\"og:url\" content=\"http:\/\/www.limingantullinautogrilli.fi\/autogrilli\/menu\/\" \/>\n<meta property=\"og:site_name\" content=\"Oulun autogrilli ja ScanBurger\" \/>\n<meta property=\"article:modified_time\" content=\"2025-12-08T07:07:43+00:00\" \/>\n<meta property=\"og:image\" content=\"http:\/\/www.limingantullinautogrilli.fi\/autogrilli\/wp-content\/uploads\/2022\/08\/Autogrilli-1.jpg\" \/>\n\t<meta property=\"og:image:width\" content=\"1600\" \/>\n\t<meta property=\"og:image:height\" content=\"942\" \/>\n\t<meta property=\"og:image:type\" content=\"image\/jpeg\" \/>\n<meta name=\"twitter:card\" content=\"summary_large_image\" \/>\n<meta name=\"twitter:label1\" content=\"Arvioitu lukuaika\" \/>\n\t<meta name=\"twitter:data1\" content=\"1 minuutti\" \/>\n<script type=\"application\/ld+json\" class=\"yoast-schema-graph\">{\"@context\":\"https:\/\/schema.org\",\"@graph\":[{\"@type\":\"WebPage\",\"@id\":\"http:\/\/www.limingantullinautogrilli.fi\/autogrilli\/menu\/\",\"url\":\"http:\/\/www.limingantullinautogrilli.fi\/autogrilli\/menu\/\",\"name\":\"Menu - Oulun autogrilli ja ScanBurger\",\"isPartOf\":{\"@id\":\"https:\/\/www.limingantullinautogrilli.fi\/autogrilli\/#website\"},\"primaryImageOfPage\":{\"@id\":\"http:\/\/www.limingantullinautogrilli.fi\/autogrilli\/menu\/#primaryimage\"},\"image\":{\"@id\":\"http:\/\/www.limingantullinautogrilli.fi\/autogrilli\/menu\/#primaryimage\"},\"thumbnailUrl\":\"https:\/\/www.limingantullinautogrilli.fi\/autogrilli\/wp-content\/uploads\/2022\/08\/Autogrilli-1.jpg\",\"datePublished\":\"2017-10-03T12:58:48+00:00\",\"dateModified\":\"2025-12-08T07:07:43+00:00\",\"description\":\"Perinteisen oululaisen grillin grillivalikoima, oululaisten suositut grillituotteet l\u00f6yd\u00e4t Oulun autogrillilt\u00e4!\",\"breadcrumb\":{\"@id\":\"http:\/\/www.limingantullinautogrilli.fi\/autogrilli\/menu\/#breadcrumb\"},\"inLanguage\":\"fi\",\"potentialAction\":[{\"@type\":\"ReadAction\",\"target\":[\"http:\/\/www.limingantullinautogrilli.fi\/autogrilli\/menu\/\"]}]},{\"@type\":\"ImageObject\",\"inLanguage\":\"fi\",\"@id\":\"http:\/\/www.limingantullinautogrilli.fi\/autogrilli\/menu\/#primaryimage\",\"url\":\"https:\/\/www.limingantullinautogrilli.fi\/autogrilli\/wp-content\/uploads\/2022\/08\/Autogrilli-1.jpg\",\"contentUrl\":\"https:\/\/www.limingantullinautogrilli.fi\/autogrilli\/wp-content\/uploads\/2022\/08\/Autogrilli-1.jpg\",\"width\":1600,\"height\":942},{\"@type\":\"BreadcrumbList\",\"@id\":\"http:\/\/www.limingantullinautogrilli.fi\/autogrilli\/menu\/#breadcrumb\",\"itemListElement\":[{\"@type\":\"ListItem\",\"position\":1,\"name\":\"Home\",\"item\":\"https:\/\/www.limingantullinautogrilli.fi\/autogrilli\/\"},{\"@type\":\"ListItem\",\"position\":2,\"name\":\"Menu\"}]},{\"@type\":\"WebSite\",\"@id\":\"https:\/\/www.limingantullinautogrilli.fi\/autogrilli\/#website\",\"url\":\"https:\/\/www.limingantullinautogrilli.fi\/autogrilli\/\",\"name\":\"Oulun autogrilli ja ScanBurger\",\"description\":\"LIMINGANTULLIN AUTOGRILLI\",\"publisher\":{\"@id\":\"https:\/\/www.limingantullinautogrilli.fi\/autogrilli\/#organization\"},\"potentialAction\":[{\"@type\":\"SearchAction\",\"target\":{\"@type\":\"EntryPoint\",\"urlTemplate\":\"https:\/\/www.limingantullinautogrilli.fi\/autogrilli\/?s={search_term_string}\"},\"query-input\":\"required name=search_term_string\"}],\"inLanguage\":\"fi\"},{\"@type\":\"Organization\",\"@id\":\"https:\/\/www.limingantullinautogrilli.fi\/autogrilli\/#organization\",\"name\":\"Limingantullin Autogrilli Oy\",\"url\":\"https:\/\/www.limingantullinautogrilli.fi\/autogrilli\/\",\"logo\":{\"@type\":\"ImageObject\",\"inLanguage\":\"fi\",\"@id\":\"https:\/\/www.limingantullinautogrilli.fi\/autogrilli\/#\/schema\/logo\/image\/\",\"url\":\"https:\/\/www.limingantullinautogrilli.fi\/autogrilli\/wp-content\/uploads\/2023\/09\/cropped-Autogrillin-logo-1.png\",\"contentUrl\":\"https:\/\/www.limingantullinautogrilli.fi\/autogrilli\/wp-content\/uploads\/2023\/09\/cropped-Autogrillin-logo-1.png\",\"width\":457,\"height\":207,\"caption\":\"Limingantullin Autogrilli Oy\"},\"image\":{\"@id\":\"https:\/\/www.limingantullinautogrilli.fi\/autogrilli\/#\/schema\/logo\/image\/\"}}]}<\/script>\n<!-- \/ Yoast SEO plugin. -->","yoast_head_json":{"title":"Menu - Oulun autogrilli ja ScanBurger","description":"Perinteisen oululaisen grillin grillivalikoima, oululaisten suositut grillituotteet l\u00f6yd\u00e4t Oulun autogrillilt\u00e4!","robots":{"index":"index","follow":"follow","max-snippet":"max-snippet:-1","max-image-preview":"max-image-preview:large","max-video-preview":"max-video-preview:-1"},"canonical":"http:\/\/www.limingantullinautogrilli.fi\/autogrilli\/menu\/","og_locale":"fi_FI","og_type":"article","og_title":"Menu - Oulun autogrilli ja ScanBurger","og_description":"Perinteisen oululaisen grillin grillivalikoima, oululaisten suositut grillituotteet l\u00f6yd\u00e4t Oulun autogrillilt\u00e4!","og_url":"http:\/\/www.limingantullinautogrilli.fi\/autogrilli\/menu\/","og_site_name":"Oulun autogrilli ja ScanBurger","article_modified_time":"2025-12-08T07:07:43+00:00","og_image":[{"width":1600,"height":942,"url":"http:\/\/www.limingantullinautogrilli.fi\/autogrilli\/wp-content\/uploads\/2022\/08\/Autogrilli-1.jpg","type":"image\/jpeg"}],"twitter_card":"summary_large_image","twitter_misc":{"Arvioitu lukuaika":"1 minuutti"},"schema":{"@context":"https:\/\/schema.org","@graph":[{"@type":"WebPage","@id":"http:\/\/www.limingantullinautogrilli.fi\/autogrilli\/menu\/","url":"http:\/\/www.limingantullinautogrilli.fi\/autogrilli\/menu\/","name":"Menu - Oulun autogrilli ja ScanBurger","isPartOf":{"@id":"https:\/\/www.limingantullinautogrilli.fi\/autogrilli\/#website"},"primaryImageOfPage":{"@id":"http:\/\/www.limingantullinautogrilli.fi\/autogrilli\/menu\/#primaryimage"},"image":{"@id":"http:\/\/www.limingantullinautogrilli.fi\/autogrilli\/menu\/#primaryimage"},"thumbnailUrl":"https:\/\/www.limingantullinautogrilli.fi\/autogrilli\/wp-content\/uploads\/2022\/08\/Autogrilli-1.jpg","datePublished":"2017-10-03T12:58:48+00:00","dateModified":"2025-12-08T07:07:43+00:00","description":"Perinteisen oululaisen grillin grillivalikoima, oululaisten suositut grillituotteet l\u00f6yd\u00e4t Oulun autogrillilt\u00e4!","breadcrumb":{"@id":"http:\/\/www.limingantullinautogrilli.fi\/autogrilli\/menu\/#breadcrumb"},"inLanguage":"fi","potentialAction":[{"@type":"ReadAction","target":["http:\/\/www.limingantullinautogrilli.fi\/autogrilli\/menu\/"]}]},{"@type":"ImageObject","inLanguage":"fi","@id":"http:\/\/www.limingantullinautogrilli.fi\/autogrilli\/menu\/#primaryimage","url":"https:\/\/www.limingantullinautogrilli.fi\/autogrilli\/wp-content\/uploads\/2022\/08\/Autogrilli-1.jpg","contentUrl":"https:\/\/www.limingantullinautogrilli.fi\/autogrilli\/wp-content\/uploads\/2022\/08\/Autogrilli-1.jpg","width":1600,"height":942},{"@type":"BreadcrumbList","@id":"http:\/\/www.limingantullinautogrilli.fi\/autogrilli\/menu\/#breadcrumb","itemListElement":[{"@type":"ListItem","position":1,"name":"Home","item":"https:\/\/www.limingantullinautogrilli.fi\/autogrilli\/"},{"@type":"ListItem","position":2,"name":"Menu"}]},{"@type":"WebSite","@id":"https:\/\/www.limingantullinautogrilli.fi\/autogrilli\/#website","url":"https:\/\/www.limingantullinautogrilli.fi\/autogrilli\/","name":"Oulun autogrilli ja ScanBurger","description":"LIMINGANTULLIN AUTOGRILLI","publisher":{"@id":"https:\/\/www.limingantullinautogrilli.fi\/autogrilli\/#organization"},"potentialAction":[{"@type":"SearchAction","target":{"@type":"EntryPoint","urlTemplate":"https:\/\/www.limingantullinautogrilli.fi\/autogrilli\/?s={search_term_string}"},"query-input":"required name=search_term_string"}],"inLanguage":"fi"},{"@type":"Organization","@id":"https:\/\/www.limingantullinautogrilli.fi\/autogrilli\/#organization","name":"Limingantullin Autogrilli Oy","url":"https:\/\/www.limingantullinautogrilli.fi\/autogrilli\/","logo":{"@type":"ImageObject","inLanguage":"fi","@id":"https:\/\/www.limingantullinautogrilli.fi\/autogrilli\/#\/schema\/logo\/image\/","url":"https:\/\/www.limingantullinautogrilli.fi\/autogrilli\/wp-content\/uploads\/2023\/09\/cropped-Autogrillin-logo-1.png","contentUrl":"https:\/\/www.limingantullinautogrilli.fi\/autogrilli\/wp-content\/uploads\/2023\/09\/cropped-Autogrillin-logo-1.png","width":457,"height":207,"caption":"Limingantullin Autogrilli Oy"},"image":{"@id":"https:\/\/www.limingantullinautogrilli.fi\/autogrilli\/#\/schema\/logo\/image\/"}}]}},"_links":{"self":[{"href":"https:\/\/www.limingantullinautogrilli.fi\/autogrilli\/wp-json\/wp\/v2\/pages\/17"}],"collection":[{"href":"https:\/\/www.limingantullinautogrilli.fi\/autogrilli\/wp-json\/wp\/v2\/pages"}],"about":[{"href":"https:\/\/www.limingantullinautogrilli.fi\/autogrilli\/wp-json\/wp\/v2\/types\/page"}],"author":[{"embeddable":true,"href":"https:\/\/www.limingantullinautogrilli.fi\/autogrilli\/wp-json\/wp\/v2\/users\/1"}],"replies":[{"embeddable":true,"href":"https:\/\/www.limingantullinautogrilli.fi\/autogrilli\/wp-json\/wp\/v2\/comments?post=17"}],"version-history":[{"count":49,"href":"https:\/\/www.limingantullinautogrilli.fi\/autogrilli\/wp-json\/wp\/v2\/pages\/17\/revisions"}],"predecessor-version":[{"id":407,"href":"https:\/\/www.limingantullinautogrilli.fi\/autogrilli\/wp-json\/wp\/v2\/pages\/17\/revisions\/407"}],"wp:featuredmedia":[{"embeddable":true,"href":"https:\/\/www.limingantullinautogrilli.fi\/autogrilli\/wp-json\/wp\/v2\/media\/302"}],"wp:attachment":[{"href":"https:\/\/www.limingantullinautogrilli.fi\/autogrilli\/wp-json\/wp\/v2\/media?parent=17"}],"curies":[{"name":"wp","href":"https:\/\/api.w.org\/{rel}","templated":true}]}}