{"id":20,"date":"2017-10-03T12:58:48","date_gmt":"2017-10-03T12:58:48","guid":{"rendered":"http:\/\/www.limingantullinautogrilli.fi\/autogrilli\/?page_id=20"},"modified":"2024-05-02T09:34:11","modified_gmt":"2024-05-02T09:34:11","slug":"tietoja","status":"publish","type":"page","link":"http:\/\/www.limingantullinautogrilli.fi\/autogrilli\/tietoja\/","title":{"rendered":"Oulun autogrilli"},"content":{"rendered":"<div id=\"contentdiv\">\n<p>Pohjois-Suomen ensimm\u00e4inen autogrilli aloitti toimintansa Oulussa, Nummikadun ja Uudenkadun kulmatontilla, syyskuun 5. p\u00e4iv\u00e4, 1972, toiminimell\u00e4 Auto-Grilli P. Heikkinen.<br \/>\nT\u00e4ll\u00e4 paikalla toimimme 11 vuotta, jonka j\u00e4lkeen vuodesta 1983 alkaen nykyisell\u00e4 paikalla Kempeleentiell\u00e4, Limingantullissa.<\/p>\n<p>Toimialamme on pikaruoka-annosten valmistaminen ja myynti. Liikeideana on autoilevan asiakkaan palveleminen grillin luukulta suoraan autoon. Myyntiluukut ovat molemmilla sivuilla, sek\u00e4 jalkaisin asioiville grillikioskin edess\u00e4.<\/p>\n<p>Jokainen pikaruoka-annos valmistetaan ainoastaan asiakkaan tilauksesta, joten emme k\u00e4yt\u00e4 ns. l\u00e4mp\u00f6putkea. Samalla varmistamme ateriat asiakkaan toivomuksen mukaisesti, joko heti sy\u00f6t\u00e4v\u00e4ksi, tai kotiin viet\u00e4v\u00e4ksi.<\/p>\n<p>Tuotevalikoimaamme kuuluvat perinteiset grillituotteet: oululaiset k\u00e4rkk\u00e4rit, lihapiirakat erilaisilla t\u00e4ytteill\u00e4, porilaiset, hampurilaiset, ynn\u00e4 ranskanperunat lis\u00e4kkeineen, kuten my\u00f6s kebabliha-annokset.<br \/>\nJuomavalikoimassa on maitoa, mehua ja limsat, joko mukeissa tai 0,5 litran pulloissa.<\/p>\n<p>Vuonna 1996 otimme myyntiin ScanBurger-tuoteryhm\u00e4n perinteisten tuotteittemme lis\u00e4n\u00e4.<br \/>\nVarmistaaksemme aitojen, ruotsalaisesta laatulihasta valmistettujen pihvien saatavuuden tulevaisuudessa, jouduimme vaihtamaan toimittajaa, jonka vuoksi myymme t\u00e4t\u00e4 samaa, tuttua tuoteryhm\u00e4\u00e4 nyt AG-nimisen\u00e4. Vuoden 2024 kev\u00e4\u00e4ll\u00e4 ScanBurgerin tuotteet palasivat valikoimaamme.<\/p>\n<p>Asiakaspalveluksessamme noudatamme ty\u00f6paikkamme arvoja, johon henkil\u00f6kuntamme on sitoutunut YRHH-sopimuksella, mik\u00e4 tarkoittaa yst\u00e4v\u00e4llisesti, ripe\u00e4sti, huolellisesti ja hygieenisesti!<br \/>\nYhdess\u00e4 pyrimme toimimaan aina parhain p\u00e4in, s\u00e4ilytt\u00e4en asiallisen ja yst\u00e4v\u00e4llisen palveluasenteen kiireisiss\u00e4kin myyntitilanteissa.<\/p>\n<\/div>\n","protected":false},"excerpt":{"rendered":"<p>Pohjois-Suomen ensimm\u00e4inen autogrilli aloitti toimintansa Oulussa, Nummikadun ja Uudenkadun kulmatontilla, syyskuun 5. p\u00e4iv\u00e4, 1972, toiminimell\u00e4 [&hellip;]<\/p>\n","protected":false},"author":1,"featured_media":0,"parent":0,"menu_order":0,"comment_status":"closed","ping_status":"closed","template":"","meta":{"footnotes":""},"yoast_head":"<!-- This site is optimized with the Yoast SEO plugin v22.6 - https:\/\/yoast.com\/wordpress\/plugins\/seo\/ -->\n<title>Oulun autogrilli - Oulun autogrilli ja ScanBurger<\/title>\n<meta name=\"description\" content=\"Oulun autogrilli tarjoaa maistuvat grillituotteet. Voit ostaa tuotteet suoraan autosta k\u00e4sin tai asioida jalkaisin grillikioskin edess\u00e4 l\u00f6ytyv\u00e4ll\u00e4 myyntiluukulla.\" \/>\n<meta name=\"robots\" content=\"index, follow, max-snippet:-1, max-image-preview:large, max-video-preview:-1\" \/>\n<link rel=\"canonical\" href=\"http:\/\/www.limingantullinautogrilli.fi\/autogrilli\/tietoja\/\" \/>\n<meta property=\"og:locale\" content=\"fi_FI\" \/>\n<meta property=\"og:type\" content=\"article\" \/>\n<meta property=\"og:title\" content=\"Oulun autogrilli - Oulun autogrilli ja ScanBurger\" \/>\n<meta property=\"og:description\" content=\"Oulun autogrilli tarjoaa maistuvat grillituotteet. Voit ostaa tuotteet suoraan autosta k\u00e4sin tai asioida jalkaisin grillikioskin edess\u00e4 l\u00f6ytyv\u00e4ll\u00e4 myyntiluukulla.\" \/>\n<meta property=\"og:url\" content=\"http:\/\/www.limingantullinautogrilli.fi\/autogrilli\/tietoja\/\" \/>\n<meta property=\"og:site_name\" content=\"Oulun autogrilli ja ScanBurger\" \/>\n<meta property=\"article:modified_time\" content=\"2024-05-02T09:34:11+00:00\" \/>\n<meta name=\"twitter:card\" content=\"summary_large_image\" \/>\n<meta name=\"twitter:label1\" content=\"Arvioitu lukuaika\" \/>\n\t<meta name=\"twitter:data1\" content=\"1 minuutti\" \/>\n<script type=\"application\/ld+json\" class=\"yoast-schema-graph\">{\"@context\":\"https:\/\/schema.org\",\"@graph\":[{\"@type\":\"WebPage\",\"@id\":\"http:\/\/www.limingantullinautogrilli.fi\/autogrilli\/tietoja\/\",\"url\":\"http:\/\/www.limingantullinautogrilli.fi\/autogrilli\/tietoja\/\",\"name\":\"Oulun autogrilli - Oulun autogrilli ja ScanBurger\",\"isPartOf\":{\"@id\":\"https:\/\/www.limingantullinautogrilli.fi\/autogrilli\/#website\"},\"datePublished\":\"2017-10-03T12:58:48+00:00\",\"dateModified\":\"2024-05-02T09:34:11+00:00\",\"description\":\"Oulun autogrilli tarjoaa maistuvat grillituotteet. Voit ostaa tuotteet suoraan autosta k\u00e4sin tai asioida jalkaisin grillikioskin edess\u00e4 l\u00f6ytyv\u00e4ll\u00e4 myyntiluukulla.\",\"breadcrumb\":{\"@id\":\"http:\/\/www.limingantullinautogrilli.fi\/autogrilli\/tietoja\/#breadcrumb\"},\"inLanguage\":\"fi\",\"potentialAction\":[{\"@type\":\"ReadAction\",\"target\":[\"http:\/\/www.limingantullinautogrilli.fi\/autogrilli\/tietoja\/\"]}]},{\"@type\":\"BreadcrumbList\",\"@id\":\"http:\/\/www.limingantullinautogrilli.fi\/autogrilli\/tietoja\/#breadcrumb\",\"itemListElement\":[{\"@type\":\"ListItem\",\"position\":1,\"name\":\"Home\",\"item\":\"https:\/\/www.limingantullinautogrilli.fi\/autogrilli\/\"},{\"@type\":\"ListItem\",\"position\":2,\"name\":\"Oulun autogrilli\"}]},{\"@type\":\"WebSite\",\"@id\":\"https:\/\/www.limingantullinautogrilli.fi\/autogrilli\/#website\",\"url\":\"https:\/\/www.limingantullinautogrilli.fi\/autogrilli\/\",\"name\":\"Oulun autogrilli ja ScanBurger\",\"description\":\"LIMINGANTULLIN AUTOGRILLI\",\"publisher\":{\"@id\":\"https:\/\/www.limingantullinautogrilli.fi\/autogrilli\/#organization\"},\"potentialAction\":[{\"@type\":\"SearchAction\",\"target\":{\"@type\":\"EntryPoint\",\"urlTemplate\":\"https:\/\/www.limingantullinautogrilli.fi\/autogrilli\/?s={search_term_string}\"},\"query-input\":\"required name=search_term_string\"}],\"inLanguage\":\"fi\"},{\"@type\":\"Organization\",\"@id\":\"https:\/\/www.limingantullinautogrilli.fi\/autogrilli\/#organization\",\"name\":\"Limingantullin Autogrilli Oy\",\"url\":\"https:\/\/www.limingantullinautogrilli.fi\/autogrilli\/\",\"logo\":{\"@type\":\"ImageObject\",\"inLanguage\":\"fi\",\"@id\":\"https:\/\/www.limingantullinautogrilli.fi\/autogrilli\/#\/schema\/logo\/image\/\",\"url\":\"http:\/\/www.limingantullinautogrilli.fi\/autogrilli\/wp-content\/uploads\/2023\/09\/cropped-Autogrillin-logo-1.png\",\"contentUrl\":\"http:\/\/www.limingantullinautogrilli.fi\/autogrilli\/wp-content\/uploads\/2023\/09\/cropped-Autogrillin-logo-1.png\",\"width\":457,\"height\":207,\"caption\":\"Limingantullin Autogrilli Oy\"},\"image\":{\"@id\":\"https:\/\/www.limingantullinautogrilli.fi\/autogrilli\/#\/schema\/logo\/image\/\"}}]}<\/script>\n<!-- \/ Yoast SEO plugin. -->","yoast_head_json":{"title":"Oulun autogrilli - Oulun autogrilli ja ScanBurger","description":"Oulun autogrilli tarjoaa maistuvat grillituotteet. Voit ostaa tuotteet suoraan autosta k\u00e4sin tai asioida jalkaisin grillikioskin edess\u00e4 l\u00f6ytyv\u00e4ll\u00e4 myyntiluukulla.","robots":{"index":"index","follow":"follow","max-snippet":"max-snippet:-1","max-image-preview":"max-image-preview:large","max-video-preview":"max-video-preview:-1"},"canonical":"http:\/\/www.limingantullinautogrilli.fi\/autogrilli\/tietoja\/","og_locale":"fi_FI","og_type":"article","og_title":"Oulun autogrilli - Oulun autogrilli ja ScanBurger","og_description":"Oulun autogrilli tarjoaa maistuvat grillituotteet. Voit ostaa tuotteet suoraan autosta k\u00e4sin tai asioida jalkaisin grillikioskin edess\u00e4 l\u00f6ytyv\u00e4ll\u00e4 myyntiluukulla.","og_url":"http:\/\/www.limingantullinautogrilli.fi\/autogrilli\/tietoja\/","og_site_name":"Oulun autogrilli ja ScanBurger","article_modified_time":"2024-05-02T09:34:11+00:00","twitter_card":"summary_large_image","twitter_misc":{"Arvioitu lukuaika":"1 minuutti"},"schema":{"@context":"https:\/\/schema.org","@graph":[{"@type":"WebPage","@id":"http:\/\/www.limingantullinautogrilli.fi\/autogrilli\/tietoja\/","url":"http:\/\/www.limingantullinautogrilli.fi\/autogrilli\/tietoja\/","name":"Oulun autogrilli - Oulun autogrilli ja ScanBurger","isPartOf":{"@id":"https:\/\/www.limingantullinautogrilli.fi\/autogrilli\/#website"},"datePublished":"2017-10-03T12:58:48+00:00","dateModified":"2024-05-02T09:34:11+00:00","description":"Oulun autogrilli tarjoaa maistuvat grillituotteet. Voit ostaa tuotteet suoraan autosta k\u00e4sin tai asioida jalkaisin grillikioskin edess\u00e4 l\u00f6ytyv\u00e4ll\u00e4 myyntiluukulla.","breadcrumb":{"@id":"http:\/\/www.limingantullinautogrilli.fi\/autogrilli\/tietoja\/#breadcrumb"},"inLanguage":"fi","potentialAction":[{"@type":"ReadAction","target":["http:\/\/www.limingantullinautogrilli.fi\/autogrilli\/tietoja\/"]}]},{"@type":"BreadcrumbList","@id":"http:\/\/www.limingantullinautogrilli.fi\/autogrilli\/tietoja\/#breadcrumb","itemListElement":[{"@type":"ListItem","position":1,"name":"Home","item":"https:\/\/www.limingantullinautogrilli.fi\/autogrilli\/"},{"@type":"ListItem","position":2,"name":"Oulun autogrilli"}]},{"@type":"WebSite","@id":"https:\/\/www.limingantullinautogrilli.fi\/autogrilli\/#website","url":"https:\/\/www.limingantullinautogrilli.fi\/autogrilli\/","name":"Oulun autogrilli ja ScanBurger","description":"LIMINGANTULLIN AUTOGRILLI","publisher":{"@id":"https:\/\/www.limingantullinautogrilli.fi\/autogrilli\/#organization"},"potentialAction":[{"@type":"SearchAction","target":{"@type":"EntryPoint","urlTemplate":"https:\/\/www.limingantullinautogrilli.fi\/autogrilli\/?s={search_term_string}"},"query-input":"required name=search_term_string"}],"inLanguage":"fi"},{"@type":"Organization","@id":"https:\/\/www.limingantullinautogrilli.fi\/autogrilli\/#organization","name":"Limingantullin Autogrilli Oy","url":"https:\/\/www.limingantullinautogrilli.fi\/autogrilli\/","logo":{"@type":"ImageObject","inLanguage":"fi","@id":"https:\/\/www.limingantullinautogrilli.fi\/autogrilli\/#\/schema\/logo\/image\/","url":"http:\/\/www.limingantullinautogrilli.fi\/autogrilli\/wp-content\/uploads\/2023\/09\/cropped-Autogrillin-logo-1.png","contentUrl":"http:\/\/www.limingantullinautogrilli.fi\/autogrilli\/wp-content\/uploads\/2023\/09\/cropped-Autogrillin-logo-1.png","width":457,"height":207,"caption":"Limingantullin Autogrilli Oy"},"image":{"@id":"https:\/\/www.limingantullinautogrilli.fi\/autogrilli\/#\/schema\/logo\/image\/"}}]}},"_links":{"self":[{"href":"http:\/\/www.limingantullinautogrilli.fi\/autogrilli\/wp-json\/wp\/v2\/pages\/20"}],"collection":[{"href":"http:\/\/www.limingantullinautogrilli.fi\/autogrilli\/wp-json\/wp\/v2\/pages"}],"about":[{"href":"http:\/\/www.limingantullinautogrilli.fi\/autogrilli\/wp-json\/wp\/v2\/types\/page"}],"author":[{"embeddable":true,"href":"http:\/\/www.limingantullinautogrilli.fi\/autogrilli\/wp-json\/wp\/v2\/users\/1"}],"replies":[{"embeddable":true,"href":"http:\/\/www.limingantullinautogrilli.fi\/autogrilli\/wp-json\/wp\/v2\/comments?post=20"}],"version-history":[{"count":13,"href":"http:\/\/www.limingantullinautogrilli.fi\/autogrilli\/wp-json\/wp\/v2\/pages\/20\/revisions"}],"predecessor-version":[{"id":388,"href":"http:\/\/www.limingantullinautogrilli.fi\/autogrilli\/wp-json\/wp\/v2\/pages\/20\/revisions\/388"}],"wp:attachment":[{"href":"http:\/\/www.limingantullinautogrilli.fi\/autogrilli\/wp-json\/wp\/v2\/media?parent=20"}],"curies":[{"name":"wp","href":"https:\/\/api.w.org\/{rel}","templated":true}]}}